{"id":6973,"date":"2024-10-18T10:12:01","date_gmt":"2024-10-18T08:12:01","guid":{"rendered":"https:\/\/ignos.no\/?page_id=6973"},"modified":"2025-05-20T09:10:11","modified_gmt":"2025-05-20T07:10:11","slug":"move","status":"publish","type":"page","link":"https:\/\/ignos.no\/en\/applications\/move\/","title":{"rendered":"Internal logistics"},"content":{"rendered":"<p>[et_pb_section fb_built=&#8221;1&#8243; _builder_version=&#8221;4.27.4&#8243; _module_preset=&#8221;259d1371-623a-4e59-8b26-eb577a28f6c4&#8243; background_color=&#8221;RGBA(255,255,255,0)&#8221; background_color_gradient_direction=&#8221;140deg&#8221; background_image=&#8221;https:\/\/ignos.no\/wp-content\/uploads\/2025\/03\/Move_admin_mockup.jpg&#8221; parallax=&#8221;on&#8221; parallax_method=&#8221;off&#8221; global_colors_info=&#8221;{}&#8221;][et_pb_row use_custom_gutter=&#8221;on&#8221; gutter_width=&#8221;2&#8243; make_equal=&#8221;on&#8221; _builder_version=&#8221;4.27.4&#8243; _module_preset=&#8221;default&#8221; width_tablet=&#8221;90%&#8221; width_phone=&#8221;90%&#8221; width_last_edited=&#8221;off|desktop&#8221; max_width_tablet=&#8221;90%&#8221; max_width_phone=&#8221;90%&#8221; max_width_last_edited=&#8221;off|desktop&#8221; custom_padding=&#8221;0px||0px||true|&#8221; animation_style=&#8221;fade&#8221; animation_duration=&#8221;1500ms&#8221; locked=&#8221;off&#8221; global_colors_info=&#8221;{}&#8221;][et_pb_column type=&#8221;4_4&#8243; _builder_version=&#8221;4.16&#8243; _module_preset=&#8221;default&#8221; global_colors_info=&#8221;{}&#8221;][et_pb_text _builder_version=&#8221;4.27.4&#8243; _module_preset=&#8221;default&#8221; header_4_font=&#8221;Poppins|||on|||||&#8221; header_4_text_align=&#8221;center&#8221; header_4_text_color=&#8221;#FED289&#8243; header_4_font_size=&#8221;16px&#8221; header_4_letter_spacing=&#8221;3px&#8221; global_colors_info=&#8221;{}&#8221;]<\/p>\n<h4>Solutions<\/h4>\n<p>[\/et_pb_text][et_pb_text _builder_version=&#8221;4.27.4&#8243; _module_preset=&#8221;default&#8221; header_font=&#8221;Poppins||||||||&#8221; header_text_color=&#8221;#ffffff&#8221; custom_margin=&#8221;||50px||false|false&#8221; custom_margin_phone=&#8221;|||-4px|false|false&#8221; custom_margin_last_edited=&#8221;off|desktop&#8221; header_font_last_edited=&#8221;off|desktop&#8221; header_font_size_tablet=&#8221;80px&#8221; header_font_size_phone=&#8221;50px&#8221; global_colors_info=&#8221;{}&#8221;]<\/p>\n<h1>Move \u2014 Internal logistics<\/h1>\n<p>[\/et_pb_text][et_pb_text _builder_version=&#8221;4.27.4&#8243; _module_preset=&#8221;default&#8221; header_3_text_color=&#8221;#FFFFFF&#8221; header_4_text_align=&#8221;center&#8221; header_4_text_color=&#8221;#FFFFFF&#8221; global_colors_info=&#8221;{}&#8221;]<\/p>\n<h4>Full Overview of Items in the Factory<\/h4>\n<p>[\/et_pb_text][\/et_pb_column][\/et_pb_row][\/et_pb_section][et_pb_section fb_built=&#8221;1&#8243; _builder_version=&#8221;4.17.3&#8243; _module_preset=&#8221;default&#8221; global_colors_info=&#8221;{}&#8221;][et_pb_row column_structure=&#8221;1_2,1_2&#8243; _builder_version=&#8221;4.27.2&#8243; _module_preset=&#8221;default&#8221; custom_padding=&#8221;||0px||false|false&#8221; animation_style=&#8221;fade&#8221; global_colors_info=&#8221;{}&#8221;][et_pb_column type=&#8221;1_2&#8243; _builder_version=&#8221;4.17.3&#8243; _module_preset=&#8221;default&#8221; global_colors_info=&#8221;{}&#8221;][et_pb_text _builder_version=&#8221;4.27.4&#8243; _module_preset=&#8221;default&#8221; max_width=&#8221;1200px&#8221; custom_margin=&#8221;||20px||false|false&#8221; global_colors_info=&#8221;{}&#8221;]<\/p>\n<h3>Background<\/h3>\n<p>[\/et_pb_text][et_pb_text _builder_version=&#8221;4.27.4&#8243; _module_preset=&#8221;default&#8221; global_colors_info=&#8221;{}&#8221;]<\/p>\n<p>Efficiency is critical in a manufacturing company. That\u2019s why we\u2019ve developed <strong>Move<\/strong>, a solution that saves time and provides full visibility of items throughout the factory.<\/p>\n<p>[\/et_pb_text][\/et_pb_column][et_pb_column type=&#8221;1_2&#8243; _builder_version=&#8221;4.27.2&#8243; _module_preset=&#8221;default&#8221; global_colors_info=&#8221;{}&#8221;][et_pb_image src=&#8221;https:\/\/ignos.no\/wp-content\/uploads\/2024\/10\/admin_active_bookings_screenshot.png&#8221; title_text=&#8221;admin_active_bookings_screenshot&#8221; show_in_lightbox=&#8221;on&#8221; _builder_version=&#8221;4.27.2&#8243; _module_preset=&#8221;default&#8221; global_colors_info=&#8221;{}&#8221;][\/et_pb_image][\/et_pb_column][\/et_pb_row][et_pb_row column_structure=&#8221;1_2,1_2&#8243; _builder_version=&#8221;4.27.2&#8243; _module_preset=&#8221;default&#8221; custom_padding=&#8221;||0px||false|false&#8221; animation_style=&#8221;fade&#8221; global_colors_info=&#8221;{}&#8221;][et_pb_column type=&#8221;1_2&#8243; _builder_version=&#8221;4.17.3&#8243; _module_preset=&#8221;default&#8221; global_colors_info=&#8221;{}&#8221;][et_pb_text _builder_version=&#8221;4.27.4&#8243; _module_preset=&#8221;default&#8221; max_width=&#8221;1200px&#8221; custom_margin=&#8221;||20px||false|false&#8221; global_colors_info=&#8221;{}&#8221;]<\/p>\n<h3>Challenge<\/h3>\n<p>[\/et_pb_text][et_pb_text _builder_version=&#8221;4.27.4&#8243; _module_preset=&#8221;default&#8221; global_colors_info=&#8221;{}&#8221;]<\/p>\n<ul>\n<li>Employees spend too much time searching for items.<\/li>\n<li>Forklift drivers struggle to work efficiently.<\/li>\n<li>Orders with multiple units may be spread across different locations.<\/li>\n<li>There is no simple way to request internal forklift transport.<\/li>\n<\/ul>\n<p>[\/et_pb_text][\/et_pb_column][et_pb_column type=&#8221;1_2&#8243; _builder_version=&#8221;4.27.2&#8243; _module_preset=&#8221;default&#8221; global_colors_info=&#8221;{}&#8221;][et_pb_image src=&#8221;https:\/\/ignos.no\/wp-content\/uploads\/2024\/10\/booking_dialogue.png&#8221; title_text=&#8221;booking_dialogue&#8221; show_in_lightbox=&#8221;on&#8221; _builder_version=&#8221;4.27.2&#8243; _module_preset=&#8221;default&#8221; global_colors_info=&#8221;{}&#8221;][\/et_pb_image][\/et_pb_column][\/et_pb_row][et_pb_row column_structure=&#8221;1_2,1_2&#8243; _builder_version=&#8221;4.27.2&#8243; _module_preset=&#8221;default&#8221; animation_style=&#8221;fade&#8221; global_colors_info=&#8221;{}&#8221;][et_pb_column type=&#8221;1_2&#8243; _builder_version=&#8221;4.17.3&#8243; _module_preset=&#8221;default&#8221; global_colors_info=&#8221;{}&#8221;][et_pb_text _builder_version=&#8221;4.27.4&#8243; _module_preset=&#8221;default&#8221; max_width=&#8221;1200px&#8221; custom_margin=&#8221;||20px||false|false&#8221; global_colors_info=&#8221;{}&#8221;]<\/p>\n<h3>The Solutions<\/h3>\n<p>[\/et_pb_text][et_pb_text _builder_version=&#8221;4.27.4&#8243; _module_preset=&#8221;default&#8221; global_colors_info=&#8221;{}&#8221;]<\/p>\n<ul>\n<li>Move allows employees to request internal transport within the factory, while also providing real-time tracking of where each shipment is located.<\/li>\n<li>Drivers can pick up tasks as orders are received, and users can track the full history and update locations as needed.<\/li>\n<li>Move is a stand-alone application but can also be integrated with ERP systems to give even greater control over both the &#8220;what&#8221; and the &#8220;where&#8221; in the production flow.<\/li>\n<li>The application is available on mobile, tablet, and PC.<\/li>\n<\/ul>\n<p>[\/et_pb_text][\/et_pb_column][et_pb_column type=&#8221;1_2&#8243; _builder_version=&#8221;4.27.2&#8243; _module_preset=&#8221;default&#8221; global_colors_info=&#8221;{}&#8221;][et_pb_image src=&#8221;https:\/\/ignos.no\/wp-content\/uploads\/2024\/10\/driver1.gif&#8221; title_text=&#8221;driver1&#8243; show_in_lightbox=&#8221;on&#8221; _builder_version=&#8221;4.27.2&#8243; _module_preset=&#8221;default&#8221; global_colors_info=&#8221;{}&#8221;][\/et_pb_image][\/et_pb_column][\/et_pb_row][et_pb_row _builder_version=&#8221;4.27.4&#8243; _module_preset=&#8221;default&#8221; animation_style=&#8221;fade&#8221; global_colors_info=&#8221;{}&#8221;][et_pb_column type=&#8221;4_4&#8243; _builder_version=&#8221;4.17.3&#8243; _module_preset=&#8221;default&#8221; global_colors_info=&#8221;{}&#8221;][et_pb_text _builder_version=&#8221;4.27.4&#8243; _module_preset=&#8221;default&#8221; max_width=&#8221;1200px&#8221; custom_margin=&#8221;||20px||false|false&#8221; global_colors_info=&#8221;{}&#8221;]<\/p>\n<h3>Features<\/h3>\n<p>[\/et_pb_text][et_pb_text _builder_version=&#8221;4.27.4&#8243; _module_preset=&#8221;default&#8221; global_colors_info=&#8221;{}&#8221;]<\/p>\n<ul>\n<li>Request internal transport for various needs such as item transfers, chip or waste disposal, or ERP orders (requires ERP integration).<\/li>\n<li>Overview and status of your own transport requests.<\/li>\n<li>Shipment tracking history.<\/li>\n<li>Update locations and descriptions of shipment contents.<\/li>\n<li>Overview of contents at specific locations.<\/li>\n<li>Dedicated admin interface.<\/li>\n<li>Define materials that require covering.<\/li>\n<\/ul>\n<p>[\/et_pb_text][\/et_pb_column][\/et_pb_row][et_pb_row _builder_version=&#8221;4.27.2&#8243; _module_preset=&#8221;default&#8221; custom_padding=&#8221;15px||15px||false|false&#8221; hover_enabled=&#8221;0&#8243; global_colors_info=&#8221;{}&#8221; sticky_enabled=&#8221;0&#8243;][et_pb_column type=&#8221;4_4&#8243; _builder_version=&#8221;4.27.2&#8243; _module_preset=&#8221;default&#8221; global_colors_info=&#8221;{}&#8221;][et_pb_text _builder_version=&#8221;4.27.4&#8243; _module_preset=&#8221;default&#8221; hover_enabled=&#8221;0&#8243; global_colors_info=&#8221;{}&#8221; sticky_enabled=&#8221;0&#8243;]<\/p>\n<p style=\"text-align: center;\">Feel free to check out our <a href=\"https:\/\/docs.ignos.io\/\">documentation<\/a> or <a href=\"https:\/\/ignos.no\/en\/contact\/\">contact us<\/a> for more information.<\/p>\n<p>[\/et_pb_text][\/et_pb_column][\/et_pb_row][et_pb_row _builder_version=&#8221;4.25.0&#8243; _module_preset=&#8221;default&#8221; custom_padding=&#8221;0px|||||&#8221; hover_enabled=&#8221;0&#8243; global_colors_info=&#8221;{}&#8221; sticky_enabled=&#8221;0&#8243;][et_pb_column type=&#8221;4_4&#8243; _builder_version=&#8221;4.25.0&#8243; _module_preset=&#8221;default&#8221; global_colors_info=&#8221;{}&#8221;][et_pb_image src=&#8221;https:\/\/ignos.no\/wp-content\/uploads\/2024\/10\/tracking_mockup_move.png&#8221; title_text=&#8221;tracking_mockup_move&#8221; _builder_version=&#8221;4.27.4&#8243; _module_preset=&#8221;default&#8221; module_alignment=&#8221;center&#8221; hover_enabled=&#8221;0&#8243; global_colors_info=&#8221;{}&#8221; sticky_enabled=&#8221;0&#8243; align=&#8221;center&#8221;][\/et_pb_image][\/et_pb_column][\/et_pb_row][\/et_pb_section]<\/p>\n","protected":false},"excerpt":{"rendered":"<p>SolutionsMove \u2014 Internal logisticsFull Overview of Items in the FactoryBackgroundEfficiency is critical in a manufacturing company. That\u2019s why we\u2019ve developed Move, a solution that saves time and provides full visibility of items throughout the factory.Challenge Employees spend too much time searching for items. Forklift drivers struggle to work efficiently. Orders with multiple units may be [&hellip;]<\/p>\n","protected":false},"author":12,"featured_media":7978,"parent":163,"menu_order":0,"comment_status":"closed","ping_status":"closed","template":"","meta":{"_et_pb_use_builder":"on","_et_pb_old_content":"<p>[et_pb_section fb_built=\"1\" _builder_version=\"4.25.0\" _module_preset=\"259d1371-623a-4e59-8b26-eb577a28f6c4\" background_color=\"RGBA(255,255,255,0)\" background_color_gradient_direction=\"140deg\" background_image=\"https:\/\/ignos.no\/wp-content\/uploads\/2023\/07\/Ignos-Article-Rolf2.jpg\" parallax=\"on\" parallax_method=\"off\" global_colors_info=\"{}\"][et_pb_row use_custom_gutter=\"on\" gutter_width=\"2\" make_equal=\"on\" _builder_version=\"4.17.3\" _module_preset=\"default\" width_tablet=\"90%\" width_phone=\"90%\" width_last_edited=\"off|desktop\" max_width_tablet=\"90%\" max_width_phone=\"90%\" max_width_last_edited=\"off|desktop\" custom_padding=\"0px||0px||true|\" animation_style=\"zoom\" animation_duration=\"1500ms\" global_colors_info=\"{}\"][et_pb_column type=\"4_4\" _builder_version=\"4.16\" _module_preset=\"default\" global_colors_info=\"{}\"][et_pb_text _builder_version=\"4.25.0\" _module_preset=\"default\" global_colors_info=\"{}\"]<\/p><h1>Move<\/h1><p>[\/et_pb_text][et_pb_text _builder_version=\"4.25.0\" _module_preset=\"default\" header_3_text_align=\"center\" header_3_text_color=\"#FFFFFF\" locked=\"off\" global_colors_info=\"{}\"]<\/p><h3>Full sporing av intern logistikk i fabrikken<\/h3><p>[\/et_pb_text][\/et_pb_column][\/et_pb_row][\/et_pb_section][et_pb_section fb_built=\"1\" _builder_version=\"4.17.3\" _module_preset=\"default\" global_colors_info=\"{}\"][et_pb_row column_structure=\"1_2,1_2\" _builder_version=\"4.27.2\" _module_preset=\"default\" custom_padding=\"||0px||false|false\" animation_style=\"fade\" global_colors_info=\"{}\"][et_pb_column type=\"1_2\" _builder_version=\"4.17.3\" _module_preset=\"default\" global_colors_info=\"{}\"][et_pb_text _builder_version=\"4.25.0\" _module_preset=\"default\" max_width=\"1200px\" custom_margin=\"||20px||false|false\" global_colors_info=\"{}\"]<\/p><h3>Bakgrunn<\/h3><p>[\/et_pb_text][et_pb_text _builder_version=\"4.27.2\" _module_preset=\"default\" global_colors_info=\"{}\"]<\/p><p>Effektivitet er avgj\u00f8rende i en produksjonsbedrift.<br \/>Derfor har vi utviklet Move, en l\u00f8sning som sparer tid og gir full oversikt over gjenstander i fabrikken.<\/p><p>[\/et_pb_text][\/et_pb_column][et_pb_column type=\"1_2\" _builder_version=\"4.27.2\" _module_preset=\"default\" global_colors_info=\"{}\"][et_pb_image src=\"https:\/\/ignos.no\/wp-content\/uploads\/2024\/10\/admin_active_bookings_screenshot.png\" title_text=\"admin_active_bookings_screenshot\" _builder_version=\"4.27.2\" _module_preset=\"default\" hover_enabled=\"0\" global_colors_info=\"{}\" show_in_lightbox=\"on\" sticky_enabled=\"0\"][\/et_pb_image][\/et_pb_column][\/et_pb_row][et_pb_row column_structure=\"1_2,1_2\" _builder_version=\"4.27.2\" _module_preset=\"default\" custom_padding=\"||0px||false|false\" animation_style=\"fade\" global_colors_info=\"{}\"][et_pb_column type=\"1_2\" _builder_version=\"4.17.3\" _module_preset=\"default\" global_colors_info=\"{}\"][et_pb_text _builder_version=\"4.25.0\" _module_preset=\"default\" max_width=\"1200px\" custom_margin=\"||20px||false|false\" global_colors_info=\"{}\"]<\/p><h3>Utfordringen<\/h3><p>[\/et_pb_text][et_pb_text _builder_version=\"4.27.2\" _module_preset=\"default\" global_colors_info=\"{}\"]<\/p><ul><li>Ansatte bruker mye tid p\u00e5 \u00e5 lete etter gjenstander.<\/li><li>Trucksj\u00e5f\u00f8rer har problemer med \u00e5 f\u00e5 jobbet effektivt.<\/li><li>Ordre med flere enheter kan v\u00e6re spredt p\u00e5 ulike lokasjoner.<\/li><li>Det finnes ingen enkel m\u00e5te \u00e5 bestille intern trucktransport p\u00e5.<\/li><\/ul><p>[\/et_pb_text][\/et_pb_column][et_pb_column type=\"1_2\" _builder_version=\"4.27.2\" _module_preset=\"default\" global_colors_info=\"{}\"][et_pb_image src=\"https:\/\/ignos.no\/wp-content\/uploads\/2024\/10\/booking_dialogue.png\" title_text=\"booking_dialogue\" _builder_version=\"4.27.2\" _module_preset=\"default\" hover_enabled=\"0\" global_colors_info=\"{}\" show_in_lightbox=\"on\" sticky_enabled=\"0\"][\/et_pb_image][\/et_pb_column][\/et_pb_row][et_pb_row column_structure=\"1_2,1_2\" _builder_version=\"4.27.2\" _module_preset=\"default\" animation_style=\"fade\" global_colors_info=\"{}\"][et_pb_column type=\"1_2\" _builder_version=\"4.17.3\" _module_preset=\"default\" global_colors_info=\"{}\"][et_pb_text _builder_version=\"4.25.0\" _module_preset=\"default\" max_width=\"1200px\" custom_margin=\"||20px||false|false\" global_colors_info=\"{}\"]<\/p><h3>L\u00f8sningen<\/h3><p>[\/et_pb_text][et_pb_text _builder_version=\"4.27.2\" _module_preset=\"default\" global_colors_info=\"{}\"]<\/p><p>Move lar de ansatte bestille intern transport i fabrikken, og gir samtidig full sporing av hvor sendingene befinner seg til enhver tid.<\/p><p>Sj\u00e5f\u00f8rer kan plukke jobber etter hvert som bestillinger kommer inn, og brukere kan spore historikken og oppdatere plasseringer ved behov.<\/p><p>Move er en stand-alone applikasjon, men kan ogs\u00e5 integreres med ERP-systemer for \u00e5 gi enda bedre kontroll over b\u00e5de \"hva\" og \"hvor\" i produksjonsl\u00f8pet.<\/p><p>Applikasjonen er tilgjengelig p\u00e5 mobil, nettbrett og PC.<\/p><p>[\/et_pb_text][\/et_pb_column][et_pb_column type=\"1_2\" _builder_version=\"4.27.2\" _module_preset=\"default\" global_colors_info=\"{}\"][et_pb_image src=\"https:\/\/ignos.no\/wp-content\/uploads\/2024\/10\/driver1.gif\" title_text=\"driver1\" _builder_version=\"4.27.2\" _module_preset=\"default\" hover_enabled=\"0\" global_colors_info=\"{}\" show_in_lightbox=\"on\" sticky_enabled=\"0\"][\/et_pb_image][\/et_pb_column][\/et_pb_row][et_pb_row _builder_version=\"4.27.2\" _module_preset=\"default\" custom_margin=\"|auto|0px|auto||\" custom_padding=\"0px||50px||false|false\" animation_style=\"fade\" global_colors_info=\"{}\"][et_pb_column type=\"4_4\" _builder_version=\"4.17.3\" _module_preset=\"default\" global_colors_info=\"{}\"][et_pb_text _builder_version=\"4.25.0\" _module_preset=\"default\" max_width=\"1200px\" custom_margin=\"||20px||false|false\" global_colors_info=\"{}\"]<\/p><h3>Funksjoner<\/h3><p>[\/et_pb_text][et_pb_text _builder_version=\"4.27.2\" _module_preset=\"default\" global_colors_info=\"{}\"]<\/p><ul><li>Bestill intern transport for ulike behov, som gjenstander, t\u00f8mming av spon eller s\u00f8ppel, eller ERP-ordrer (krever ERP-integrasjon).<\/li><li>Oversikt og status over egne bestillinger.<\/li><li>Sporingshistorikk<\/li><li>Oppdater lokasjoner og beskrivelser av sendingens innhold.<\/li><li>Oversikt over innhold p\u00e5 spesifikke lokasjoner.<\/li><li>Eget admin-grensesnitt<\/li><li>Definer materialer som krever tildekking<\/li><\/ul><p>[\/et_pb_text][\/et_pb_column][\/et_pb_row][et_pb_row _builder_version=\"4.27.2\" _module_preset=\"default\" custom_padding=\"15px||15px||false|false\" global_colors_info=\"{}\"][et_pb_column type=\"4_4\" _builder_version=\"4.27.2\" _module_preset=\"default\" global_colors_info=\"{}\"][et_pb_text _builder_version=\"4.27.2\" _module_preset=\"default\" global_colors_info=\"{}\"]<\/p><p style=\"text-align: center;\">For mer informasjon, sjekk gjerne ut <a href=\"https:\/\/docs.ignos.io\/docs\/applications\/move\/documentation\/\">dokumentasjonen<\/a> v\u00e5r.<\/p><p>[\/et_pb_text][\/et_pb_column][\/et_pb_row][et_pb_row _builder_version=\"4.25.0\" _module_preset=\"default\" global_colors_info=\"{}\" custom_padding=\"0px|||||\"][et_pb_column type=\"4_4\" _builder_version=\"4.25.0\" _module_preset=\"default\" global_colors_info=\"{}\"][et_pb_image src=\"https:\/\/ignos.no\/wp-content\/uploads\/2024\/10\/tracking_mockup_move.png\" title_text=\"tracking_mockup_move\" _builder_version=\"4.27.2\" _module_preset=\"default\" max_width=\"56%\" module_alignment=\"center\" hover_enabled=\"0\" global_colors_info=\"{}\" sticky_enabled=\"0\"][\/et_pb_image][\/et_pb_column][\/et_pb_row][\/et_pb_section][et_pb_section fb_built=\"1\" _builder_version=\"4.17.3\" background_color=\"#93328E\" custom_padding=\"100px|0px|100px|0px|true|false\" global_module=\"3696\" saved_tabs=\"all\" global_colors_info=\"{}\"][et_pb_row column_structure=\"1_4,1_2,1_4\" use_custom_gutter=\"on\" gutter_width=\"2\" make_equal=\"on\" _builder_version=\"4.16\" width=\"90%\" width_tablet=\"90%\" width_phone=\"90%\" width_last_edited=\"on|desktop\" max_width=\"1100px\" max_width_tablet=\"90%\" max_width_phone=\"90%\" max_width_last_edited=\"on|phone\" custom_padding=\"0px|0px|0px|0px|true|false\" global_colors_info=\"{}\"][et_pb_column type=\"1_4\" _builder_version=\"4.16\" custom_padding=\"|||\" global_colors_info=\"{}\" custom_padding__hover=\"|||\"][et_pb_text _builder_version=\"4.24.0\" text_font=\"Nunito Sans||||||||\" text_text_color=\"#5499D4\" text_font_size=\"16px\" header_font=\"Poppins|700||on|||||\" header_text_align=\"left\" header_font_size=\"20px\" header_4_font=\"|||on|||||\" header_4_text_color=\"#FED289\" header_4_font_size=\"24px\" custom_margin=\"16px||||false|false\" custom_margin_tablet=\"0px||||false|false\" custom_margin_phone=\"0px||||false|false\" custom_margin_last_edited=\"on|tablet\" custom_padding=\"||||false|false\" header_text_align_tablet=\"center\" header_text_align_phone=\"center\" header_text_align_last_edited=\"on|phone\" header_4_text_align_tablet=\"center\" header_4_text_align_phone=\"\" header_4_text_align_last_edited=\"on|phone\" global_colors_info=\"{}\"]<\/p><h4>Kontakt oss<\/h4><p>[\/et_pb_text][\/et_pb_column][et_pb_column type=\"1_2\" _builder_version=\"4.16\" custom_padding=\"|||\" global_colors_info=\"{}\" custom_padding__hover=\"|||\"][et_pb_text _builder_version=\"4.24.0\" text_text_color=\"#FFFFFF\" text_line_height=\"1em\" header_font=\"Roboto|300|||||||\" header_text_color=\"#000000\" header_font_size=\"20px\" text_orientation=\"center\" custom_margin=\"19px||||false|false\" custom_margin_tablet=\"-20px||||false|false\" custom_margin_phone=\"-20px||||false|false\" custom_margin_last_edited=\"on|phone\" custom_padding=\"0px||||false|false\" custom_padding_phone=\"53px||53px||true\" custom_padding_last_edited=\"off|phone\" text_font_size_tablet=\"\" text_font_size_phone=\"15px\" text_font_size_last_edited=\"on|phone\" header_line_height_phone=\"1.3em\" global_colors_info=\"{}\"]Er du klar for \u00e5 ta bedriften din et steg videre?[\/et_pb_text][\/et_pb_column][et_pb_column type=\"1_4\" _builder_version=\"4.16\" custom_padding=\"|||\" global_colors_info=\"{}\" custom_padding__hover=\"|||\"][et_pb_button button_url=\"@ET-DC@eyJkeW5hbWljIjp0cnVlLCJjb250ZW50IjoicG9zdF9saW5rX3VybF9wYWdlIiwic2V0dGluZ3MiOnsicG9zdF9pZCI6IjIzNSJ9fQ==@\" button_text=\"Kontakt oss\" button_alignment=\"center\" _builder_version=\"4.24.0\" _dynamic_attributes=\"button_url\" _module_preset=\"default\" custom_button=\"on\" button_text_size=\"16px\" button_text_color=\"#FFFFFF\" button_bg_color=\"#FF8F1C\" button_border_width=\"0px\" button_border_color=\"#FF8F1C\" button_border_radius=\"30px\" button_font=\"Poppins|600|||||||\" button_use_icon=\"off\" custom_margin=\"0vh||||false|false\" custom_margin_tablet=\"30px||||false|false\" custom_margin_phone=\"-10px||||false|false\" custom_margin_last_edited=\"on|phone\" custom_padding=\"14px|30px|14px|30px|true|true\" global_colors_info=\"{}\" button_text_color__hover_enabled=\"on|desktop\" button_text_color__hover=\"#FFFFFF\" button_bg_color__hover_enabled=\"on|hover\" button_bg_enable_color__hover=\"off\" button_border_color__hover_enabled=\"on|hover\" button_border_color__hover=\"#ff6996\" button_letter_spacing__hover_enabled=\"on|desktop\" button_letter_spacing__hover=\"0px\" button_bg_color__hover=\"\" button_bg_color_gradient_stops__hover=\"#fed289 0%|#ff8f1c 99%\" button_bg_use_color_gradient__hover=\"on\"][\/et_pb_button][\/et_pb_column][\/et_pb_row][\/et_pb_section]<\/p>","_et_gb_content_width":"","content-type":"","footnotes":""},"class_list":["post-6973","page","type-page","status-publish","format-standard","has-post-thumbnail","hentry"],"_links":{"self":[{"href":"https:\/\/ignos.no\/en\/wp-json\/wp\/v2\/pages\/6973","targetHints":{"allow":["GET"]}}],"collection":[{"href":"https:\/\/ignos.no\/en\/wp-json\/wp\/v2\/pages"}],"about":[{"href":"https:\/\/ignos.no\/en\/wp-json\/wp\/v2\/types\/page"}],"author":[{"embeddable":true,"href":"https:\/\/ignos.no\/en\/wp-json\/wp\/v2\/users\/12"}],"replies":[{"embeddable":true,"href":"https:\/\/ignos.no\/en\/wp-json\/wp\/v2\/comments?post=6973"}],"version-history":[{"count":0,"href":"https:\/\/ignos.no\/en\/wp-json\/wp\/v2\/pages\/6973\/revisions"}],"up":[{"embeddable":true,"href":"https:\/\/ignos.no\/en\/wp-json\/wp\/v2\/pages\/163"}],"wp:featuredmedia":[{"embeddable":true,"href":"https:\/\/ignos.no\/en\/wp-json\/wp\/v2\/media\/7978"}],"wp:attachment":[{"href":"https:\/\/ignos.no\/en\/wp-json\/wp\/v2\/media?parent=6973"}],"curies":[{"name":"wp","href":"https:\/\/api.w.org\/{rel}","templated":true}]}}