{"id":3,"date":"2022-04-28T15:08:47","date_gmt":"2022-04-28T13:08:47","guid":{"rendered":"http:\/\/fandangoi36.sg-host.com\/?page_id=3"},"modified":"2022-11-30T13:10:34","modified_gmt":"2022-11-30T12:10:34","slug":"gdpr","status":"publish","type":"page","link":"https:\/\/ignos.no\/en\/gdpr\/","title":{"rendered":"Data protection declaration (GDPR)"},"content":{"rendered":"<p>[et_pb_section fb_built=&#8221;1&#8243; custom_padding_last_edited=&#8221;on|phone&#8221; _builder_version=&#8221;4.17.4&#8243; _module_preset=&#8221;default&#8221; use_background_color_gradient=&#8221;on&#8221; background_color_gradient_direction=&#8221;277deg&#8221; background_color_gradient_stops=&#8221;rgba(255,143,28,0.9) 0%|rgba(147,50,142,0.9) 99%&#8221; background_color_gradient_overlays_image=&#8221;on&#8221; background_image=&#8221;https:\/\/ignos.no\/wp-content\/uploads\/2022\/05\/padlock-computer-keyboard-network-security-data-security-antivirus-protection-pc-scaled.jpg&#8221; custom_margin=&#8221;-120px||||false|false&#8221; custom_padding=&#8221;18vh||18vh||false|false&#8221; custom_padding_tablet=&#8221;250px||5vh||false|false&#8221; custom_padding_phone=&#8221;250px||50px||false|false&#8221; global_colors_info=&#8221;{}&#8221;][et_pb_row use_custom_gutter=&#8221;on&#8221; gutter_width=&#8221;2&#8243; make_equal=&#8221;on&#8221; _builder_version=&#8221;4.17.3&#8243; _module_preset=&#8221;default&#8221; width_tablet=&#8221;90%&#8221; width_phone=&#8221;90%&#8221; width_last_edited=&#8221;off|desktop&#8221; max_width_tablet=&#8221;90%&#8221; max_width_phone=&#8221;90%&#8221; max_width_last_edited=&#8221;off|desktop&#8221; custom_padding=&#8221;0px||0px||true|&#8221; animation_style=&#8221;zoom&#8221; animation_duration=&#8221;1500ms&#8221; global_colors_info=&#8221;{}&#8221;][et_pb_column type=&#8221;4_4&#8243; _builder_version=&#8221;4.16&#8243; _module_preset=&#8221;default&#8221; global_colors_info=&#8221;{}&#8221;][et_pb_text _builder_version=&#8221;4.17.4&#8243; _module_preset=&#8221;default&#8221; header_font=&#8221;Poppins||||||||&#8221; header_text_color=&#8221;#ffffff&#8221; header_line_height=&#8221;1.2em&#8221; custom_margin=&#8221;|||-7px|false|false&#8221; custom_margin_tablet=&#8221;&#8221; custom_margin_phone=&#8221;|||-4px|false|false&#8221; custom_margin_last_edited=&#8221;on|phone&#8221; header_font_last_edited=&#8221;off|desktop&#8221; header_font_size_tablet=&#8221;80px&#8221; header_font_size_phone=&#8221;50px&#8221; global_colors_info=&#8221;{}&#8221;]<\/p>\n<h1>Data protection declaration<\/h1>\n<p>[\/et_pb_text][\/et_pb_column][\/et_pb_row][\/et_pb_section][et_pb_section fb_built=&#8221;1&#8243; _builder_version=&#8221;4.17.3&#8243; _module_preset=&#8221;default&#8221; global_colors_info=&#8221;{}&#8221;][et_pb_row use_custom_gutter=&#8221;on&#8221; _builder_version=&#8221;4.17.3&#8243; _module_preset=&#8221;default&#8221; animation_style=&#8221;fade&#8221; global_colors_info=&#8221;{}&#8221;][et_pb_column type=&#8221;4_4&#8243; _builder_version=&#8221;4.17.3&#8243; _module_preset=&#8221;default&#8221; global_colors_info=&#8221;{}&#8221;][et_pb_text _builder_version=&#8221;4.19.2&#8243; header_4_line_height=&#8221;1.4em&#8221; background_size=&#8221;initial&#8221; background_position=&#8221;top_left&#8221; background_repeat=&#8221;repeat&#8221; hover_enabled=&#8221;0&#8243; global_colors_info=&#8221;{}&#8221; sticky_enabled=&#8221;0&#8243;]This data protection declaration describes how Ignos collects and uses personal data. This statement contains information you are entitled to when data is collected from our website and general information on how we process personal data. Ignos is the data controller for the organisation\u2019s processing of personal data.<\/p>\n<h4>1. Client and supplier data<\/h4>\n<p>Ignos processes personal data about clients and suppliers in addition to any third parties where this is required to fulfil contract obligations. The personal data that is processed consists mostly of names, telephone numbers and e-mail addresses of contacts among the clients and suppliers. The personal data is stored in our CRM and finance system.<\/p>\n<h4>2. Personal data in connection with marketing<\/h4>\n<p>Any contact forms on the website can be used to contact us. The data subject provides the personal data necessary for Ignos to make contact, and the data subject thereby grants consent for the data to be used. Such personal data may consist of names, e-mail addresses and telephone numbers. The data can not be passed on to a third party without the data subject\u2019s consent. The Administration Manager and the General Manager handle these enquiries. The personal data is not stored if there is no need for further cooperation with the data subject. Fandango Interactive is the supplier of the website and have access to the enquiries that come with the contact forms. The log is deleted once a year.<\/p>\n<p><span style=\"text-decoration: underline;\"><strong>Google Analytics:<\/strong><\/span><br \/>\nIgnos uses Google Analytics as a tool for mapping website activity. The information that is stored here cannot be traced back to the individual and contains no personal data.<\/p>\n<h4>3. Human resources<\/h4>\n<p>Ignos processes personal data in connection with human resources. The personal data processed in this context includes biographical data, salary information, assessments, information about next of kin and qualifications. Unsuccessful job applicants will receive a rejection message stating that we no longer require their personal data and that they must reply if they want it to be deleted. It may sometimes be necessary to send an employee\u2019s CV in connection with job offers and projects. Consent is given by the employee before it is sent and is logged into the project.<\/p>\n<h4>4. Data security<\/h4>\n<p>Hatteland Solutions AS operates Ignos\u2019s systems on its own servers and thereby stores personal data from Ignos. The collaboration is governed by a data processor agreement, and Hatteland Solutions does not disclose the data to any third parties.<\/p>\n<h4>5. Rights of the data subject<\/h4>\n<p>Ignos\u2019s processing of personal data is regulated by the Personal Data Act (see also the EU\u2019s General Data Protection Regulation (GDPR).<\/p>\n<p><span style=\"text-decoration: underline;\"><strong>a. Right of access<\/strong><\/span><br \/>\nUpon enquiry, anyone has the right to know what type of personal data processing Ignos performs, as well as basic information about these processes. This information is provided in this data protection declaration.<\/p>\n<p><span style=\"text-decoration: underline;\"><strong>b. Correction and deletion of invalid personal data<\/strong><\/span><br \/>\nIf Ignos processes personal data about you that is inaccurate, incomplete or which it is not permitted to process, you can demand that Ignos correct, supplement or delete such data. Wherever possible, Ignos shall ensure that the error does not adversely affect you, e.g. by notifying recipients about inaccuracies in the delivered information.<\/p>\n<p><span style=\"text-decoration: underline;\"><strong>c. Data portability<\/strong><\/span><br \/>\nAn individual owns his or her own data. This means that you are entitled to transfer your data from one company to another. This right only applies to the information that the data subjects have given to the data controllers. Information or analysis that the data controller has generated based on the data must not be passed on.<\/p>\n<h4 class=\"cookie-policy-h1\">6. Cookie Policy<\/h4>\n<p>Effective Date: 30-Nov-2022<br \/>\nLast Updated: 30-Nov-2022<\/p>\n<h5>6.1 What are cookies?<\/h5>\n<p>This Cookie Policy explains what cookies are and how we use them, the types of cookies we use i.e, the information we collect using cookies and how that information is used, and how to manage the cookie settings.<\/p>\n<p>Cookies are small text files that are used to store small pieces of information. They are stored on your device when the website is loaded on your browser. These cookies help us make the website function properly, make it more secure, provide better user experience, and understand how the website performs and to analyze what works and where it needs improvement.<\/p>\n<h5>6.2 How do we use cookies?<\/h5>\n<p>As most of the online services, our website uses first-party and third-party cookies for several purposes. First-party cookies are mostly necessary for the website to function the right way, and they do not collect any of your personally identifiable data.<\/p>\n<p>The third-party cookies used on our website are mainly for understanding how the website performs, how you interact with our website, keeping our services secure, providing advertisements that are relevant to you, and all in all providing you with a better and improved user experience and help speed up your future interactions with our website.<\/p>\n<h5>6.2 Types of Cookies we use<\/h5>\n<div class=\"cky-audit-table-element\"><\/div>\n<p>&nbsp;<\/p>\n<h5 style=\"margin-bottom: 20px;\">6.3 Manage cookie preferences<\/h5>\n<p><span style=\"text-decoration: underline;\"><a class=\"cky-banner-element\">Cookie Settings<\/a><\/span><\/p>\n<div>\n<p>You can change your cookie preferences any time by clicking the above button. This will let you revisit the cookie consent banner and change your preferences or withdraw your consent right away.<\/p>\n<p>In addition to this, different browsers provide different methods to block and delete cookies used by websites. You can change the settings of your browser to block\/delete the cookies. Listed below are the links to the support documents on how to manage and delete cookies from the major web browsers.<\/p>\n<p>Chrome: <a href=\"https:\/\/support.google.com\/accounts\/answer\/32050\" target=\"_blank\" rel=\"noopener\">https:\/\/support.google.com\/accounts\/answer\/32050<\/a><\/p>\n<p>Safari: <a href=\"https:\/\/support.apple.com\/en-in\/guide\/safari\/sfri11471\/mac\" target=\"_blank\" rel=\"noopener\">https:\/\/support.apple.com\/en-in\/guide\/safari\/sfri11471\/mac<\/a><\/p>\n<p>Firefox: <a href=\"https:\/\/support.mozilla.org\/en-US\/kb\/clear-cookies-and-site-data-firefox?redirectslug=delete-cookies-remove-info-websites-stored&amp;redirectlocale=en-US\" target=\"_blank\" rel=\"noopener\">https:\/\/support.mozilla.org\/en-US\/kb\/clear-cookies-and-site-data-firefox?redirectslug=delete-cookies-remove-info-websites-stored&amp;redirectlocale=en-US<\/a><\/p>\n<p>Internet Explorer: <a href=\"https:\/\/support.microsoft.com\/en-us\/topic\/how-to-delete-cookie-files-in-internet-explorer-bca9446f-d873-78de-77ba-d42645fa52fc\" target=\"_blank\" rel=\"noopener\">https:\/\/support.microsoft.com\/en-us\/topic\/how-to-delete-cookie-files-in-internet-explorer-bca9446f-d873-78de-77ba-d42645fa52fc<\/a><\/p>\n<p>If you are using any other web browser, please visit your browser\u2019s official support documents.<\/p>\n<\/div>\n<p>[\/et_pb_text][\/et_pb_column][\/et_pb_row][\/et_pb_section]<\/p>\n","protected":false},"excerpt":{"rendered":"<p>Data protection declarationThis data protection declaration describes how Ignos collects and uses personal data. This statement contains information you are entitled to when data is collected from our website and general information on how we process personal data. Ignos is the data controller for the organisation\u2019s processing of personal data. 1. Client and supplier data [&hellip;]<\/p>\n","protected":false},"author":8,"featured_media":51,"parent":0,"menu_order":0,"comment_status":"closed","ping_status":"closed","template":"","meta":{"_et_pb_use_builder":"on","_et_pb_old_content":"<!-- wp:heading --><h2>Hvem vi er<\/h2><!-- \/wp:heading --><!-- wp:paragraph --><p><strong class=\"privacy-policy-tutorial\">Foresl\u00e5tt tekst: <\/strong>V\u00e5r nettstedsadresse er: http:\/\/fandangoi36.sg-host.com<\/p><!-- \/wp:paragraph --><!-- wp:heading --><h2>Kommentarer<\/h2><!-- \/wp:heading --><!-- wp:paragraph --><p><strong class=\"privacy-policy-tutorial\">Foresl\u00e5tt tekst: <\/strong>N\u00e5r bes\u00f8kende legger inn kommentarer p\u00e5 siden, lagres informasjonen gitt inn i kommentarskjemaet i tillegg til IP-adressen til den bes\u00f8kende og den bes\u00f8kendes nettleserversjon. Dette gj\u00f8res for \u00e5 bidra til \u00e5 unng\u00e5 useri\u00f8se kommentarer.<\/p><!-- \/wp:paragraph --><!-- wp:paragraph --><p>En anonym tekststreng generert p\u00e5 grunnlag av e-postadressen din (ogs\u00e5 kalt en \u00abhash\u00bb) kan bli sendt til tjenesten Gravatar for \u00e5 unders\u00f8ke om du har en konto der. Personvernerkl\u00e6ringen til Gravatar ligger her: https:\/\/automattic.com\/privacy\/. Etter at kommentaren din er blitt godkjent, vil profilbildet ditt v\u00e6re synlig for hvem som helst i forbindelse med kommentaren din.<\/p><!-- \/wp:paragraph --><!-- wp:heading --><h2>Media<\/h2><!-- \/wp:heading --><!-- wp:paragraph --><p><strong class=\"privacy-policy-tutorial\">Foresl\u00e5tt tekst: <\/strong>Hvis du laster opp bilder til nettstedet, b\u00f8r du unng\u00e5 \u00e5 laste opp bilder som inneholder informasjon om stedet det er tatt (EXIF GPS). Bes\u00f8kende p\u00e5 siden kan laste ned og hente ut slik informasjon fra bilder p\u00e5 siden.<\/p><!-- \/wp:paragraph --><!-- wp:heading --><h2>Informasjonskapsler<\/h2><!-- \/wp:heading --><!-- wp:paragraph --><p><strong class=\"privacy-policy-tutorial\">Foresl\u00e5tt tekst: <\/strong>Hvis du legger inn en kommentar p\u00e5 dette nettstedet, kan du be oss om \u00e5 huske navn, e-post og nettsted. Denne informasjonen lagres i en informasjonskapsel og er der for \u00e5 gj\u00f8re ting lettere for deg. Du trenger da ikke \u00e5 gi inn denne informasjonen p\u00e5 nytt neste gang du legger inn en kommentar. Disse informasjonskapslene utl\u00f8per etter ett \u00e5r.<\/p><!-- \/wp:paragraph --><!-- wp:paragraph --><p>Om du bes\u00f8ker v\u00e5r innloggingsside, vil vi opprette en midlertidig informasjonskapsel for \u00e5 avgj\u00f8re om nettleseren din aksepterer informasjonskapsler. Denne informasjonskapselen inneholder ingen personopplysninger og forsvinner s\u00e5 snart du lukker nettleseren din.<\/p><!-- \/wp:paragraph --><!-- wp:paragraph --><p>N\u00e5r du logger deg inn, blir det opprettet informasjonskapsler som lagrer innloggingsinformasjonen din og valg du har tatt n\u00e5r det gjelder hvordan innhold skal vises. Informasjonskapsler med innloggingsinformasjon utl\u00f8per etter to dager, mens de med visningsvalg varer i ett \u00e5r. Hvis du krysser av for &lauot;Husk meg&raquot;, vil innloggingsinformasjonen din oppbevares i to uker. Hvis du logger deg ut av kontoen din, vil disse informasjonskapslene forsvinne.<\/p><!-- \/wp:paragraph --><!-- wp:paragraph --><p>Hvis du redigerer eller publiserer en artikkel, vil ytterligere en informasjonskapsel bli lagret i nettleseren din. Denne informasjonskapselen inneholder ingen personopplysninger, men bare ID-en til artikkelen du nettopp redigerte. Den utl\u00f8per etter \u00e9n dag.<\/p><!-- \/wp:paragraph --><!-- wp:heading --><h2>Innebygd innhold fra andre nettsteder<\/h2><!-- \/wp:heading --><!-- wp:paragraph --><p><strong class=\"privacy-policy-tutorial\">Foresl\u00e5tt tekst: <\/strong>Artikler p\u00e5 denne siden kan inkludere innebygd innhold (f.eks. videoer, bilder, artikler osv.). Innebygd innhold fra andre nettsteder oppf\u00f8rer seg p\u00e5 n\u00f8yaktig samme m\u00e5te som om den bes\u00f8kende hadde bes\u00f8kt nettstedet som det innebygde innholdet kommer fra.<\/p><!-- \/wp:paragraph --><!-- wp:paragraph --><p>Disse nettstedene kan samle inn opplysninger om deg, bruke informasjonskapsler, bygge inn sporingssystemer fra tredjeparter og overv\u00e5ke hva du gj\u00f8r via dette innebygde innholdet. Dette omfatter ogs\u00e5 sporing av handlingene dine via det innebygde innholdet dersom du har en konto og er logget inn p\u00e5 nettstedet.<\/p><!-- \/wp:paragraph --><!-- wp:heading --><h2>Hvem vi deler dine opplysninger med<\/h2><!-- \/wp:heading --><!-- wp:paragraph --><p><strong class=\"privacy-policy-tutorial\">Foresl\u00e5tt tekst: <\/strong>Om du ber at passordet tilbakestilles, vil din IP-adresse tas med i e-posten om tilbakestilling av passord.<\/p><!-- \/wp:paragraph --><!-- wp:heading --><h2>Hvor lenge vi oppbevarer opplysninger om deg<\/h2><!-- \/wp:heading --><!-- wp:paragraph --><p><strong class=\"privacy-policy-tutorial\">Foresl\u00e5tt tekst: <\/strong>Hvis du legger igjen en kommentar, blir kommentaren og informasjon om kommentaren lagret p\u00e5 ubestemt tid. Dette er for at vi kan gjenkjenne oppf\u00f8lgingskommentarer og godkjenne dem automatisk i stedet for \u00e5 legge dem i en k\u00f8 der de m\u00e5 godkjennes manuelt av en redakt\u00f8r.<\/p><!-- \/wp:paragraph --><!-- wp:paragraph --><p>For brukere som registrerer seg p\u00e5 dette nettstedet (dersom denne muligheten eksisterer), lagres det ogs\u00e5 personopplysninger som de oppgir i brukerprofilen sin. Alle brukere kan se, redigere og slette sine egne personopplysninger n\u00e5r som helst (bortsett fra brukernavn). Nettstedets administratorer kan ogs\u00e5 se og redigere denne informasjonen.<\/p><!-- \/wp:paragraph --><!-- wp:heading --><h2>Rettighetene dine n\u00e5r det gjelder opplysninger vi har om deg<\/h2><!-- \/wp:heading --><!-- wp:paragraph --><p><strong class=\"privacy-policy-tutorial\">Foresl\u00e5tt tekst: <\/strong>Hvis du har en konto p\u00e5 dette nettstedet eller har lagt igjen kommentarer, kan du be om \u00e5 f\u00e5 en eksportfil som inneholder personopplysningene vi har om deg. Dette omfatter all data du har gitt oss. Du kan ogs\u00e5 be om at vi sletter alle personopplysninger vi har om deg. Dette omfatter ikke opplysninger vi er p\u00e5lagt \u00e5 lagre av administrative, juridiske eller sikkerhetsmessige \u00e5rsaker.<\/p><!-- \/wp:paragraph --><!-- wp:heading --><h2>Hvor vi sender opplysninger om deg<\/h2><!-- \/wp:heading --><!-- wp:paragraph --><p><strong class=\"privacy-policy-tutorial\">Foresl\u00e5tt tekst: <\/strong>Bes\u00f8kendes kommentarer kan bli kontrollert gjennom en automatisk gjenkjennelsestjeneste mot s\u00f8ppelkommentarer.<\/p><!-- \/wp:paragraph -->","_et_gb_content_width":"","content-type":"","footnotes":""},"class_list":["post-3","page","type-page","status-publish","format-standard","has-post-thumbnail","hentry"],"_links":{"self":[{"href":"https:\/\/ignos.no\/en\/wp-json\/wp\/v2\/pages\/3","targetHints":{"allow":["GET"]}}],"collection":[{"href":"https:\/\/ignos.no\/en\/wp-json\/wp\/v2\/pages"}],"about":[{"href":"https:\/\/ignos.no\/en\/wp-json\/wp\/v2\/types\/page"}],"author":[{"embeddable":true,"href":"https:\/\/ignos.no\/en\/wp-json\/wp\/v2\/users\/8"}],"replies":[{"embeddable":true,"href":"https:\/\/ignos.no\/en\/wp-json\/wp\/v2\/comments?post=3"}],"version-history":[{"count":0,"href":"https:\/\/ignos.no\/en\/wp-json\/wp\/v2\/pages\/3\/revisions"}],"wp:featuredmedia":[{"embeddable":true,"href":"https:\/\/ignos.no\/en\/wp-json\/wp\/v2\/media\/51"}],"wp:attachment":[{"href":"https:\/\/ignos.no\/en\/wp-json\/wp\/v2\/media?parent=3"}],"curies":[{"name":"wp","href":"https:\/\/api.w.org\/{rel}","templated":true}]}}