{"id":2142,"date":"2023-10-10T12:40:38","date_gmt":"2023-10-10T10:40:38","guid":{"rendered":"https:\/\/ignos.no\/?page_id=2142"},"modified":"2023-10-10T12:47:48","modified_gmt":"2023-10-10T10:47:48","slug":"privacy-policy","status":"publish","type":"page","link":"https:\/\/ignos.no\/en\/legal\/privacy-policy\/","title":{"rendered":"Privacy Policy"},"content":{"rendered":"<p>[et_pb_section fb_built=&#8221;1&#8243; custom_padding_last_edited=&#8221;on|phone&#8221; _builder_version=&#8221;4.18.0&#8243; _module_preset=&#8221;default&#8221; use_background_color_gradient=&#8221;on&#8221; background_color_gradient_direction=&#8221;277deg&#8221; background_color_gradient_stops=&#8221;rgba(255,143,28,0.9) 0%|rgba(147,50,142,0.9) 99%&#8221; background_color_gradient_overlays_image=&#8221;on&#8221; background_image=&#8221;https:\/\/ignos.no\/wp-content\/uploads\/2022\/05\/modern-tech-background-with-low-poly-plexus-scaled.jpg&#8221; custom_margin=&#8221;-120px||||false|false&#8221; custom_padding=&#8221;18vh||18vh||false|false&#8221; custom_padding_tablet=&#8221;250px||5vh||false|false&#8221; custom_padding_phone=&#8221;250px||50px||false|false&#8221; global_colors_info=&#8221;{}&#8221;][et_pb_row use_custom_gutter=&#8221;on&#8221; gutter_width=&#8221;2&#8243; make_equal=&#8221;on&#8221; _builder_version=&#8221;4.17.3&#8243; _module_preset=&#8221;default&#8221; width_tablet=&#8221;90%&#8221; width_phone=&#8221;90%&#8221; width_last_edited=&#8221;off|desktop&#8221; max_width_tablet=&#8221;90%&#8221; max_width_phone=&#8221;90%&#8221; max_width_last_edited=&#8221;off|desktop&#8221; custom_padding=&#8221;0px||0px||true|&#8221; animation_style=&#8221;zoom&#8221; animation_duration=&#8221;1500ms&#8221; global_colors_info=&#8221;{}&#8221;][et_pb_column type=&#8221;4_4&#8243; _builder_version=&#8221;4.16&#8243; _module_preset=&#8221;default&#8221; global_colors_info=&#8221;{}&#8221;][et_pb_text _builder_version=&#8221;4.22.2&#8243; _module_preset=&#8221;default&#8221; text_text_color=&#8221;#FED289&#8243; hover_enabled=&#8221;0&#8243; global_colors_info=&#8221;{}&#8221; sticky_enabled=&#8221;0&#8243;]<\/p>\n<p style=\"text-align: center;\">Legal documents<\/p>\n<p>[\/et_pb_text][et_pb_text _builder_version=&#8221;4.22.2&#8243; _module_preset=&#8221;default&#8221; header_font=&#8221;Poppins||||||||&#8221; header_text_color=&#8221;#ffffff&#8221; header_line_height=&#8221;1.2em&#8221; custom_margin=&#8221;|||-7px|false|false&#8221; custom_margin_tablet=&#8221;&#8221; custom_margin_phone=&#8221;|||-4px|false|false&#8221; custom_margin_last_edited=&#8221;on|phone&#8221; hover_enabled=&#8221;0&#8243; header_font_last_edited=&#8221;off|desktop&#8221; header_font_size_tablet=&#8221;80px&#8221; header_font_size_phone=&#8221;50px&#8221; global_colors_info=&#8221;{}&#8221; sticky_enabled=&#8221;0&#8243;]<\/p>\n<h1>Privacy Policy<\/h1>\n<p>[\/et_pb_text][\/et_pb_column][\/et_pb_row][\/et_pb_section][et_pb_section fb_built=&#8221;1&#8243; _builder_version=&#8221;4.17.3&#8243; _module_preset=&#8221;default&#8221; global_colors_info=&#8221;{}&#8221;][et_pb_row use_custom_gutter=&#8221;on&#8221; _builder_version=&#8221;4.17.3&#8243; _module_preset=&#8221;default&#8221; animation_style=&#8221;fade&#8221; global_colors_info=&#8221;{}&#8221;][et_pb_column type=&#8221;4_4&#8243; _builder_version=&#8221;4.17.3&#8243; _module_preset=&#8221;default&#8221; global_colors_info=&#8221;{}&#8221;][et_pb_text _builder_version=&#8221;4.22.2&#8243; header_4_text_color=&#8221;#000000&#8243; header_4_line_height=&#8221;1.4em&#8221; background_size=&#8221;initial&#8221; background_position=&#8221;top_left&#8221; background_repeat=&#8221;repeat&#8221; hover_enabled=&#8221;0&#8243; global_colors_info=&#8221;{}&#8221; sticky_enabled=&#8221;0&#8243;]<\/p>\n<h4>Customer and Partner data<\/h4>\n<p>In order to provide you with our services, Ignos will need to process personal data about you from time to time. Protecting your personal data is important to us. With this privacy policy, we aim to provide transparency into how we use your personal data. This policy also provides important information about your rights under the GDPR.<\/p>\n<p>[\/et_pb_text][et_pb_text _builder_version=&#8221;4.22.2&#8243; header_4_text_color=&#8221;#000000&#8243; header_4_line_height=&#8221;1.4em&#8221; background_size=&#8221;initial&#8221; background_position=&#8221;top_left&#8221; background_repeat=&#8221;repeat&#8221; hover_enabled=&#8221;0&#8243; global_colors_info=&#8221;{}&#8221; sticky_enabled=&#8221;0&#8243;]<\/p>\n<h4>How we use your data<\/h4>\n<p>When we process personal data as part of our services, we act as a Data Controller and Data Processor. We act as Data Controller when we process personal data from Customers and Partners for the following reasons: Support &amp; technical support and account management.<\/p>\n<p>We act as Data Processor whenever we process personal data you provide us with when using our services. In such instances, our obligations as Data processor are regulated by the Data Processing Agreement (DPA), which ensures secure storage and processing of your personal data.<\/p>\n<p>When providing our services to you, we may process personal data relating to your employees, consultants, customers, and clients. The data we process may include names, national identity numbers, addresses, e-mail addresses, IP addresses, dates of birth, telephone numbers, invoice information, tax information, and bank account details.<\/p>\n<p>The collection and use of personal data as described above takes place pursuant to art. 6 (1) (f) of the GDPR and our obligations under the Data Processing Agreement with you. The processing of such data is necessary for Ignos\u2019 legitimate interest in providing our services to our customers.<\/p>\n<h4>Retention<\/h4>\n<p>We only store your personal data for as long as it is necessary for the purposes described above. When the data is no longer necessary for these purposes, the data will be deleted.<\/p>\n<p>Information related to our service will be stored for 6 months after the customer relationship ends.<\/p>\n<h4>Your rights under the GDPR<\/h4>\n<p>You have several rights under applicable law regarding the processing of your personal data:<\/p>\n<ul>\n<li>You have the right to request access to and receive information about your personal data and how we process the data.<\/li>\n<li>You may request for your personal data to be deleted or corrected.<\/li>\n<li>You have the right to restrict our processing of your data, object to our processing, and transfer your data elsewhere.<\/li>\n<\/ul>\n<p>To exercise your rights, you can contact us on post@ignos.no.<\/p>\n<h4>How we share your personal data<\/h4>\n<p>In order to provide you with a better user experience, Ignos may share your data with our partners and sub-processors.<\/p>\n<h4>Complaint<\/h4>\n<p>If you believe that our collection, storage, or use of your personal data does not comply with this privacy policy or applicable law, you can file a complaint to us at <a href=\"mailto:post@ignos.no\">post@ignos.no<\/a>.<\/p>\n<p>You can also complain to the local data protection authority (Datatilsynet) here: <a href=\"https:\/\/www.datatilsynet.no\/\">https:\/\/www.datatilsynet.no\/<\/a><\/p>\n<p>[\/et_pb_text][\/et_pb_column][\/et_pb_row][\/et_pb_section]<\/p>\n","protected":false},"excerpt":{"rendered":"<p>Legal documentsPrivacy PolicyCustomer and Partner data In order to provide you with our services, Ignos will need to process personal data about you from time to time. Protecting your personal data is important to us. With this privacy policy, we aim to provide transparency into how we use your personal data. This policy also provides [&hellip;]<\/p>\n","protected":false},"author":5,"featured_media":51,"parent":666,"menu_order":0,"comment_status":"closed","ping_status":"closed","template":"","meta":{"_et_pb_use_builder":"on","_et_pb_old_content":"<!-- wp:heading --><h2>Hvem vi er<\/h2><!-- \/wp:heading --><!-- wp:paragraph --><p><strong class=\"privacy-policy-tutorial\">Foresl\u00e5tt tekst: <\/strong>V\u00e5r nettstedsadresse er: http:\/\/fandangoi36.sg-host.com<\/p><!-- \/wp:paragraph --><!-- wp:heading --><h2>Kommentarer<\/h2><!-- \/wp:heading --><!-- wp:paragraph --><p><strong class=\"privacy-policy-tutorial\">Foresl\u00e5tt tekst: <\/strong>N\u00e5r bes\u00f8kende legger inn kommentarer p\u00e5 siden, lagres informasjonen gitt inn i kommentarskjemaet i tillegg til IP-adressen til den bes\u00f8kende og den bes\u00f8kendes nettleserversjon. Dette gj\u00f8res for \u00e5 bidra til \u00e5 unng\u00e5 useri\u00f8se kommentarer.<\/p><!-- \/wp:paragraph --><!-- wp:paragraph --><p>En anonym tekststreng generert p\u00e5 grunnlag av e-postadressen din (ogs\u00e5 kalt en \u00abhash\u00bb) kan bli sendt til tjenesten Gravatar for \u00e5 unders\u00f8ke om du har en konto der. Personvernerkl\u00e6ringen til Gravatar ligger her: https:\/\/automattic.com\/privacy\/. Etter at kommentaren din er blitt godkjent, vil profilbildet ditt v\u00e6re synlig for hvem som helst i forbindelse med kommentaren din.<\/p><!-- \/wp:paragraph --><!-- wp:heading --><h2>Media<\/h2><!-- \/wp:heading --><!-- wp:paragraph --><p><strong class=\"privacy-policy-tutorial\">Foresl\u00e5tt tekst: <\/strong>Hvis du laster opp bilder til nettstedet, b\u00f8r du unng\u00e5 \u00e5 laste opp bilder som inneholder informasjon om stedet det er tatt (EXIF GPS). Bes\u00f8kende p\u00e5 siden kan laste ned og hente ut slik informasjon fra bilder p\u00e5 siden.<\/p><!-- \/wp:paragraph --><!-- wp:heading --><h2>Informasjonskapsler<\/h2><!-- \/wp:heading --><!-- wp:paragraph --><p><strong class=\"privacy-policy-tutorial\">Foresl\u00e5tt tekst: <\/strong>Hvis du legger inn en kommentar p\u00e5 dette nettstedet, kan du be oss om \u00e5 huske navn, e-post og nettsted. Denne informasjonen lagres i en informasjonskapsel og er der for \u00e5 gj\u00f8re ting lettere for deg. Du trenger da ikke \u00e5 gi inn denne informasjonen p\u00e5 nytt neste gang du legger inn en kommentar. Disse informasjonskapslene utl\u00f8per etter ett \u00e5r.<\/p><!-- \/wp:paragraph --><!-- wp:paragraph --><p>Om du bes\u00f8ker v\u00e5r innloggingsside, vil vi opprette en midlertidig informasjonskapsel for \u00e5 avgj\u00f8re om nettleseren din aksepterer informasjonskapsler. Denne informasjonskapselen inneholder ingen personopplysninger og forsvinner s\u00e5 snart du lukker nettleseren din.<\/p><!-- \/wp:paragraph --><!-- wp:paragraph --><p>N\u00e5r du logger deg inn, blir det opprettet informasjonskapsler som lagrer innloggingsinformasjonen din og valg du har tatt n\u00e5r det gjelder hvordan innhold skal vises. Informasjonskapsler med innloggingsinformasjon utl\u00f8per etter to dager, mens de med visningsvalg varer i ett \u00e5r. Hvis du krysser av for &lauot;Husk meg&raquot;, vil innloggingsinformasjonen din oppbevares i to uker. Hvis du logger deg ut av kontoen din, vil disse informasjonskapslene forsvinne.<\/p><!-- \/wp:paragraph --><!-- wp:paragraph --><p>Hvis du redigerer eller publiserer en artikkel, vil ytterligere en informasjonskapsel bli lagret i nettleseren din. Denne informasjonskapselen inneholder ingen personopplysninger, men bare ID-en til artikkelen du nettopp redigerte. Den utl\u00f8per etter \u00e9n dag.<\/p><!-- \/wp:paragraph --><!-- wp:heading --><h2>Innebygd innhold fra andre nettsteder<\/h2><!-- \/wp:heading --><!-- wp:paragraph --><p><strong class=\"privacy-policy-tutorial\">Foresl\u00e5tt tekst: <\/strong>Artikler p\u00e5 denne siden kan inkludere innebygd innhold (f.eks. videoer, bilder, artikler osv.). Innebygd innhold fra andre nettsteder oppf\u00f8rer seg p\u00e5 n\u00f8yaktig samme m\u00e5te som om den bes\u00f8kende hadde bes\u00f8kt nettstedet som det innebygde innholdet kommer fra.<\/p><!-- \/wp:paragraph --><!-- wp:paragraph --><p>Disse nettstedene kan samle inn opplysninger om deg, bruke informasjonskapsler, bygge inn sporingssystemer fra tredjeparter og overv\u00e5ke hva du gj\u00f8r via dette innebygde innholdet. Dette omfatter ogs\u00e5 sporing av handlingene dine via det innebygde innholdet dersom du har en konto og er logget inn p\u00e5 nettstedet.<\/p><!-- \/wp:paragraph --><!-- wp:heading --><h2>Hvem vi deler dine opplysninger med<\/h2><!-- \/wp:heading --><!-- wp:paragraph --><p><strong class=\"privacy-policy-tutorial\">Foresl\u00e5tt tekst: <\/strong>Om du ber at passordet tilbakestilles, vil din IP-adresse tas med i e-posten om tilbakestilling av passord.<\/p><!-- \/wp:paragraph --><!-- wp:heading --><h2>Hvor lenge vi oppbevarer opplysninger om deg<\/h2><!-- \/wp:heading --><!-- wp:paragraph --><p><strong class=\"privacy-policy-tutorial\">Foresl\u00e5tt tekst: <\/strong>Hvis du legger igjen en kommentar, blir kommentaren og informasjon om kommentaren lagret p\u00e5 ubestemt tid. Dette er for at vi kan gjenkjenne oppf\u00f8lgingskommentarer og godkjenne dem automatisk i stedet for \u00e5 legge dem i en k\u00f8 der de m\u00e5 godkjennes manuelt av en redakt\u00f8r.<\/p><!-- \/wp:paragraph --><!-- wp:paragraph --><p>For brukere som registrerer seg p\u00e5 dette nettstedet (dersom denne muligheten eksisterer), lagres det ogs\u00e5 personopplysninger som de oppgir i brukerprofilen sin. Alle brukere kan se, redigere og slette sine egne personopplysninger n\u00e5r som helst (bortsett fra brukernavn). Nettstedets administratorer kan ogs\u00e5 se og redigere denne informasjonen.<\/p><!-- \/wp:paragraph --><!-- wp:heading --><h2>Rettighetene dine n\u00e5r det gjelder opplysninger vi har om deg<\/h2><!-- \/wp:heading --><!-- wp:paragraph --><p><strong class=\"privacy-policy-tutorial\">Foresl\u00e5tt tekst: <\/strong>Hvis du har en konto p\u00e5 dette nettstedet eller har lagt igjen kommentarer, kan du be om \u00e5 f\u00e5 en eksportfil som inneholder personopplysningene vi har om deg. Dette omfatter all data du har gitt oss. Du kan ogs\u00e5 be om at vi sletter alle personopplysninger vi har om deg. Dette omfatter ikke opplysninger vi er p\u00e5lagt \u00e5 lagre av administrative, juridiske eller sikkerhetsmessige \u00e5rsaker.<\/p><!-- \/wp:paragraph --><!-- wp:heading --><h2>Hvor vi sender opplysninger om deg<\/h2><!-- \/wp:heading --><!-- wp:paragraph --><p><strong class=\"privacy-policy-tutorial\">Foresl\u00e5tt tekst: <\/strong>Bes\u00f8kendes kommentarer kan bli kontrollert gjennom en automatisk gjenkjennelsestjeneste mot s\u00f8ppelkommentarer.<\/p><!-- \/wp:paragraph -->","_et_gb_content_width":"","content-type":"","footnotes":""},"class_list":["post-2142","page","type-page","status-publish","format-standard","has-post-thumbnail","hentry"],"_links":{"self":[{"href":"https:\/\/ignos.no\/en\/wp-json\/wp\/v2\/pages\/2142","targetHints":{"allow":["GET"]}}],"collection":[{"href":"https:\/\/ignos.no\/en\/wp-json\/wp\/v2\/pages"}],"about":[{"href":"https:\/\/ignos.no\/en\/wp-json\/wp\/v2\/types\/page"}],"author":[{"embeddable":true,"href":"https:\/\/ignos.no\/en\/wp-json\/wp\/v2\/users\/5"}],"replies":[{"embeddable":true,"href":"https:\/\/ignos.no\/en\/wp-json\/wp\/v2\/comments?post=2142"}],"version-history":[{"count":0,"href":"https:\/\/ignos.no\/en\/wp-json\/wp\/v2\/pages\/2142\/revisions"}],"up":[{"embeddable":true,"href":"https:\/\/ignos.no\/en\/wp-json\/wp\/v2\/pages\/666"}],"wp:featuredmedia":[{"embeddable":true,"href":"https:\/\/ignos.no\/en\/wp-json\/wp\/v2\/media\/51"}],"wp:attachment":[{"href":"https:\/\/ignos.no\/en\/wp-json\/wp\/v2\/media?parent=2142"}],"curies":[{"name":"wp","href":"https:\/\/api.w.org\/{rel}","templated":true}]}}