{"id":10796,"date":"2026-01-09T13:00:30","date_gmt":"2026-01-09T12:00:30","guid":{"rendered":"https:\/\/ignos.no\/?page_id=10796"},"modified":"2026-01-09T14:44:29","modified_gmt":"2026-01-09T13:44:29","slug":"references","status":"publish","type":"page","link":"https:\/\/ignos.no\/en\/references\/","title":{"rendered":"Customer references"},"content":{"rendered":"<p>[et_pb_section fb_built=&#8221;1&#8243; _builder_version=&#8221;4.21.0&#8243; _module_preset=&#8221;259d1371-623a-4e59-8b26-eb577a28f6c4&#8243; parallax=&#8221;on&#8221; parallax_method=&#8221;off&#8221; custom_padding=&#8221;15vh||10vh||false|false&#8221; global_colors_info=&#8221;{}&#8221;][et_pb_row use_custom_gutter=&#8221;on&#8221; gutter_width=&#8221;2&#8243; make_equal=&#8221;on&#8221; _builder_version=&#8221;4.17.3&#8243; _module_preset=&#8221;default&#8221; width_tablet=&#8221;90%&#8221; width_phone=&#8221;90%&#8221; width_last_edited=&#8221;off|desktop&#8221; max_width_tablet=&#8221;90%&#8221; max_width_phone=&#8221;90%&#8221; max_width_last_edited=&#8221;off|desktop&#8221; custom_padding=&#8221;0px||0px||true|&#8221; animation_style=&#8221;zoom&#8221; animation_duration=&#8221;1500ms&#8221; global_colors_info=&#8221;{}&#8221;][et_pb_column type=&#8221;4_4&#8243; _builder_version=&#8221;4.16&#8243; _module_preset=&#8221;default&#8221; global_colors_info=&#8221;{}&#8221;][et_pb_text _builder_version=&#8221;4.17.3&#8243; _module_preset=&#8221;default&#8221; header_font=&#8221;Poppins||||||||&#8221; header_text_color=&#8221;#ffffff&#8221; custom_margin=&#8221;|||-7px|false|false&#8221; custom_margin_tablet=&#8221;&#8221; custom_margin_phone=&#8221;|||-4px|false|false&#8221; custom_margin_last_edited=&#8221;on|phone&#8221; header_font_last_edited=&#8221;off|desktop&#8221; header_font_size_tablet=&#8221;80px&#8221; header_font_size_phone=&#8221;50px&#8221; global_colors_info=&#8221;{}&#8221;]<\/p>\n<h1>Customer References<\/h1>\n<p>[\/et_pb_text][\/et_pb_column][\/et_pb_row][\/et_pb_section][et_pb_section fb_built=&#8221;1&#8243; _builder_version=&#8221;4.27.4&#8243; _module_preset=&#8221;default&#8221; background_color=&#8221;#eeeeee&#8221; custom_padding=&#8221;0px||||false|false&#8221; locked=&#8221;off&#8221; global_colors_info=&#8221;{}&#8221;][et_pb_row custom_padding_last_edited=&#8221;on|phone&#8221; _builder_version=&#8221;4.27.4&#8243; _module_preset=&#8221;default&#8221; max_width=&#8221;1480px&#8221; display_conditions=&#8221;W10=&#8221; custom_padding=&#8221;100px||100px||false|false&#8221; custom_padding_tablet=&#8221;100px||100px||false|false&#8221; custom_padding_phone=&#8221;80px||80px||true|false&#8221; hover_enabled=&#8221;0&#8243; border_color_top=&#8221;rgba(99,102,106,0.19)&#8221; border_color_bottom=&#8221;#d1d1d1&#8243; global_colors_info=&#8221;{}&#8221; sticky_enabled=&#8221;0&#8243;][et_pb_column type=&#8221;4_4&#8243; _builder_version=&#8221;4.17.4&#8243; _module_preset=&#8221;default&#8221; global_colors_info=&#8221;{}&#8221;][et_pb_code _builder_version=&#8221;4.27.4&#8243; _module_preset=&#8221;default&#8221; min_height=&#8221;300px&#8221; hover_enabled=&#8221;0&#8243; global_colors_info=&#8221;{}&#8221; sticky_enabled=&#8221;0&#8243;]<!-- Gridbuilder \u1d42\u1d3e Plugin (https:\/\/wpgridbuilder.com) -->\n<div class=\"wp-grid-builder wpgb-grid-13\" data-options=\"{&quot;id&quot;:13,&quot;type&quot;:&quot;masonry&quot;,&quot;source&quot;:&quot;post_type&quot;,&quot;loader&quot;:true,&quot;layout&quot;:&quot;vertical&quot;,&quot;reveal&quot;:1,&quot;isMainQuery&quot;:0,&quot;lazyLoad&quot;:false,&quot;cardSizes&quot;:{&quot;9999&quot;:{&quot;columns&quot;:3,&quot;height&quot;:240,&quot;gutter&quot;:20,&quot;ratio&quot;:&quot;1.33333&quot;},&quot;1280&quot;:{&quot;columns&quot;:3,&quot;height&quot;:220,&quot;gutter&quot;:50,&quot;ratio&quot;:&quot;1.33333&quot;},&quot;1024&quot;:{&quot;columns&quot;:2,&quot;height&quot;:200,&quot;gutter&quot;:50,&quot;ratio&quot;:&quot;1.33333&quot;},&quot;640&quot;:{&quot;columns&quot;:1,&quot;height&quot;:200,&quot;gutter&quot;:50,&quot;ratio&quot;:&quot;1.33333&quot;}},&quot;fitRows&quot;:true,&quot;equalRows&quot;:0,&quot;equalColumns&quot;:true,&quot;fillLastRow&quot;:0,&quot;centerLastRow&quot;:0,&quot;horizontalOrder&quot;:true,&quot;fullWidth&quot;:false,&quot;transitionDelay&quot;:100,&quot;gallerySlideshow&quot;:false,&quot;rowsNumber&quot;:1,&quot;slideAlign&quot;:&quot;left&quot;,&quot;groupCells&quot;:1,&quot;draggable&quot;:true,&quot;initialIndex&quot;:0,&quot;contain&quot;:false,&quot;freeScroll&quot;:false,&quot;freeFriction&quot;:&quot;0.075&quot;,&quot;friction&quot;:&quot;0.285&quot;,&quot;attraction&quot;:&quot;0.025&quot;,&quot;autoPlay&quot;:0,&quot;pageDotAriaLabel&quot;:&quot;Page dot %d&quot;,&quot;isPreview&quot;:false,&quot;isGutenberg&quot;:false,&quot;rightToLeft&quot;:false}\"><div class=\"wpgb-svg-icons\" hidden>\n\t<svg viewBox=\"0 0 120 24\" width=\"0\" height=\"0\">\n\t<defs>\n        <polygon id=\"wpgb-star-svg\" points=\"12 2.5 15.1 8.8 22 9.8 17 14.6 18.2 21.5 12 18.3 5.8 21.5 7 14.6 2 9.8 8.9 8.8\"><\/polygon>\n    <\/defs>\n    <symbol id=\"wpgb-rating-stars-svg\">\n        <use xlink:href=\"#wpgb-star-svg\"><\/use>\n        <use xlink:href=\"#wpgb-star-svg\" x=\"24\"><\/use>\n        <use xlink:href=\"#wpgb-star-svg\" x=\"48\"><\/use>\n        <use xlink:href=\"#wpgb-star-svg\" x=\"72\"><\/use>\n        <use xlink:href=\"#wpgb-star-svg\" x=\"96\"><\/use>\n    <\/symbol>\n<\/svg>\n<\/div>\n<div class=\"wpgb-wrapper\">\n\t<div class=\"wpgb-main\">\n\t<div class=\"wpgb-layout\">\n\t<div class=\"wpgb-viewport\">\n\t\t<div class=\"wpgb-masonry\">\n\t\t\t<article class=\"wpgb-card wpgb-card-28 wpgb-post-11943 wpgb-card-hidden\" data-col=\"1\" data-row=\"1\" data-format=\"standard\"><div class=\"wpgb-card-wrapper\"><div class=\"wpgb-card-inner\"><div class=\"wpgb-card-media wpgb-scheme-light\" data-action><svg data-ratio style=\"padding-top:75%\" viewBox=\"0 0 4 3\" aria-hidden=\"true\"><\/svg><div class=\"wpgb-card-media-thumbnail\"><a href=\"https:\/\/ignos.no\/wp-content\/uploads\/2026\/03\/unnamed.webp\" tabindex=\"-1\" class=\"wpgb-handle-lb wpgb-lightbox\" data-type=\"image\" data-rel=\"13\" data-title=\"Unnamed\" title=\"Enlarge photo\"><div style=\"background-image:url(https:\/\/ignos.no\/wp-content\/uploads\/2026\/03\/unnamed-768x512.webp)\"><\/div><noscript><img loading=\"lazy\" decoding=\"async\" class=\"wpgb-noscript-img\" src=\"https:\/\/ignos.no\/wp-content\/uploads\/2026\/03\/unnamed-768x512.webp\" alt=\"\" height=\"512\" width=\"768\"><\/noscript><\/a><a class=\"wpgb-card-layer-link\" href=\"https:\/\/ignos.no\/en\/project\/netland\/\"><\/a><\/div><div class=\"wpgb-card-media-overlay\"><\/div><a class=\"wpgb-card-layer-link\" href=\"https:\/\/ignos.no\/en\/project\/netland\/\"><\/a><\/div><div class=\"wpgb-card-content wpgb-scheme-dark\"><div class=\"wpgb-card-body\"><h3 class=\"wpgb-block-1\"><a href=\"https:\/\/ignos.no\/en\/project\/netland\/\">How Machining Company Netland Works Smarter with Keep<\/a><\/h3><div class=\"wpgb-block-2\"><p> At machining company Netland, Keep from Ignos has become an essential tool for reducing setup time, ensuring consistent quality, and making daily work easier for operators.<\/p><\/div><a class=\"wpgb-block-3\" href=\"https:\/\/ignos.no\/en\/project\/netland\/\">Read more<\/a><\/div><\/div><\/div><\/div><\/article><article class=\"wpgb-card wpgb-card-28 wpgb-post-11480 wpgb-card-hidden\" data-col=\"1\" data-row=\"1\" data-format=\"standard\"><div class=\"wpgb-card-wrapper\"><div class=\"wpgb-card-inner\"><div class=\"wpgb-card-media wpgb-scheme-light\" data-action><svg data-ratio style=\"padding-top:75%\" viewBox=\"0 0 4 3\" aria-hidden=\"true\"><\/svg><div class=\"wpgb-card-media-thumbnail\"><a href=\"https:\/\/ignos.no\/wp-content\/smush-avif\/2026\/01\/Sanntidsdata.jpg.avif\" tabindex=\"-1\" class=\"wpgb-handle-lb wpgb-lightbox\" data-type=\"image\" data-rel=\"13\" data-title=\"Real-time production data\" data-desc=\"Christer Havsg\u00e5rd and Tord Veland Erichsen in front of the Pulse screen at Flat\u00f8y, which provides real-time data from production. Photo: John Petter N\u00e6ss Christensen, Maskinregisteret \" title=\"Enlarge photo\"><div style=\"background-image:url(https:\/\/ignos.no\/wp-content\/smush-avif\/2026\/01\/Sanntidsdata-768x434.jpg.avif)\"><\/div><noscript><img loading=\"lazy\" decoding=\"async\" class=\"wpgb-noscript-img\" src=\"https:\/\/ignos.no\/wp-content\/uploads\/2026\/01\/Sanntidsdata-768x434.jpg\" alt=\"\" height=\"434\" width=\"768\"><\/noscript><\/a><a class=\"wpgb-card-layer-link\" href=\"https:\/\/ignos.no\/en\/project\/how-framo-gained-control-of-production-with-real-time-data\/\"><\/a><\/div><div class=\"wpgb-card-media-overlay\"><\/div><a class=\"wpgb-card-layer-link\" href=\"https:\/\/ignos.no\/en\/project\/how-framo-gained-control-of-production-with-real-time-data\/\"><\/a><\/div><div class=\"wpgb-card-content wpgb-scheme-dark\"><div class=\"wpgb-card-body\"><h3 class=\"wpgb-block-1\"><a href=\"https:\/\/ignos.no\/en\/project\/how-framo-gained-control-of-production-with-real-time-data\/\">How Framo gained control of production with real-time data<\/a><\/h3><div class=\"wpgb-block-2\"><p>Framo is a world-leading supplier of pump systems for the marine and offshore industry, with approximately 2,000 employees across factories in Norway and offices globally. To strengthen competitiveness and simplify the workday for operators, Framo has implemented the digital solutions Pulse, Engage, and Move from Ignos. <\/p><\/div><a class=\"wpgb-block-3\" href=\"https:\/\/ignos.no\/en\/project\/how-framo-gained-control-of-production-with-real-time-data\/\">Read more<\/a><\/div><\/div><\/div><\/div><\/article><article class=\"wpgb-card wpgb-card-28 wpgb-post-10824 wpgb-card-hidden\" data-col=\"1\" data-row=\"1\" data-format=\"standard\"><div class=\"wpgb-card-wrapper\"><div class=\"wpgb-card-inner\"><div class=\"wpgb-card-media wpgb-scheme-light\" data-action><svg data-ratio style=\"padding-top:75%\" viewBox=\"0 0 4 3\" aria-hidden=\"true\"><\/svg><div class=\"wpgb-card-media-thumbnail\"><a href=\"https:\/\/ignos.no\/wp-content\/smush-avif\/2026\/01\/Ignos-App-Flare-2025-8.jpeg.avif\" tabindex=\"-1\" class=\"wpgb-handle-lb wpgb-lightbox\" data-type=\"image\" data-rel=\"13\" data-title=\"Ignos-App-Flare-2025-8\" title=\"Enlarge photo\"><div style=\"background-image:url(https:\/\/ignos.no\/wp-content\/smush-avif\/2026\/01\/Ignos-App-Flare-2025-8-768x512.jpeg.avif)\"><\/div><noscript><img loading=\"lazy\" decoding=\"async\" class=\"wpgb-noscript-img\" src=\"https:\/\/ignos.no\/wp-content\/uploads\/2026\/01\/Ignos-App-Flare-2025-8-768x512.jpeg\" alt=\"\" height=\"512\" width=\"768\"><\/noscript><\/a><a class=\"wpgb-card-layer-link\" href=\"https:\/\/ignos.no\/en\/project\/unimek\/\"><\/a><\/div><div class=\"wpgb-card-media-overlay\"><\/div><a class=\"wpgb-card-layer-link\" href=\"https:\/\/ignos.no\/en\/project\/unimek\/\"><\/a><\/div><div class=\"wpgb-card-content wpgb-scheme-dark\"><div class=\"wpgb-card-body\"><h3 class=\"wpgb-block-1\"><a href=\"https:\/\/ignos.no\/en\/project\/unimek\/\">How UniMek went from filing cabinets to full digital control<\/a><\/h3><div class=\"wpgb-block-2\"><p>When UniMek decided to eliminate paper archives, Excel sheets, and routines dependent on specific individuals, they chose Keep from Ignos. Keep is a cloud-based solution that gathers CNC programs, tools, setups, and history in one place.  <\/p><\/div><a class=\"wpgb-block-3\" href=\"https:\/\/ignos.no\/en\/project\/unimek\/\">Read more<\/a><\/div><\/div><\/div><\/div><\/article>\t\t<\/div>\n\t<\/div>\n\t<div class=\"wpgb-loader\">\n\t<div class=\"wpgb-loader-2\">\n\t\t<div><\/div><div><\/div><div><\/div><div><\/div><div><\/div><div><\/div><div><\/div><div><\/div><div><\/div>\t<\/div>\n<\/div>\n<\/div>\n\t<\/div>\n\t\t<\/div>\n<\/div>\n[\/et_pb_code][\/et_pb_column][\/et_pb_row][\/et_pb_section]<\/p>\n","protected":false},"excerpt":{"rendered":"<p>[et_pb_section fb_built=&#8221;1&#8243; _builder_version=&#8221;4.21.0&#8243; _module_preset=&#8221;259d1371-623a-4e59-8b26-eb577a28f6c4&#8243; parallax=&#8221;on&#8221; parallax_method=&#8221;off&#8221; custom_padding=&#8221;15vh||10vh||false|false&#8221; global_colors_info=&#8221;{}&#8221;][et_pb_row use_custom_gutter=&#8221;on&#8221; gutter_width=&#8221;2&#8243; make_equal=&#8221;on&#8221; _builder_version=&#8221;4.17.3&#8243; _module_preset=&#8221;default&#8221; width_tablet=&#8221;90%&#8221; width_phone=&#8221;90%&#8221; width_last_edited=&#8221;off|desktop&#8221; max_width_tablet=&#8221;90%&#8221; max_width_phone=&#8221;90%&#8221; max_width_last_edited=&#8221;off|desktop&#8221; custom_padding=&#8221;0px||0px||true|&#8221; animation_style=&#8221;zoom&#8221; animation_duration=&#8221;1500ms&#8221; global_colors_info=&#8221;{}&#8221;][et_pb_column type=&#8221;4_4&#8243; _builder_version=&#8221;4.16&#8243; _module_preset=&#8221;default&#8221; global_colors_info=&#8221;{}&#8221;][et_pb_text _builder_version=&#8221;4.17.3&#8243; _module_preset=&#8221;default&#8221; header_font=&#8221;Poppins||||||||&#8221; header_text_color=&#8221;#ffffff&#8221; custom_margin=&#8221;|||-7px|false|false&#8221; custom_margin_tablet=&#8221;&#8221; custom_margin_phone=&#8221;|||-4px|false|false&#8221; custom_margin_last_edited=&#8221;on|phone&#8221; header_font_last_edited=&#8221;off|desktop&#8221; header_font_size_tablet=&#8221;80px&#8221; header_font_size_phone=&#8221;50px&#8221; global_colors_info=&#8221;{}&#8221;] Customer References [\/et_pb_text][\/et_pb_column][\/et_pb_row][\/et_pb_section][et_pb_section fb_built=&#8221;1&#8243; _builder_version=&#8221;4.27.4&#8243; _module_preset=&#8221;default&#8221; background_color=&#8221;#eeeeee&#8221; custom_padding=&#8221;0px||||false|false&#8221; locked=&#8221;off&#8221; global_colors_info=&#8221;{}&#8221;][et_pb_row custom_padding_last_edited=&#8221;on|phone&#8221; _builder_version=&#8221;4.27.4&#8243; _module_preset=&#8221;default&#8221; max_width=&#8221;1480px&#8221; display_conditions=&#8221;W10=&#8221; custom_padding=&#8221;100px||100px||false|false&#8221; [&hellip;]<\/p>\n","protected":false},"author":8,"featured_media":0,"parent":0,"menu_order":0,"comment_status":"closed","ping_status":"closed","template":"","meta":{"_et_pb_use_builder":"on","_et_pb_old_content":"","_et_gb_content_width":"","content-type":"","footnotes":""},"class_list":["post-10796","page","type-page","status-publish","format-standard","hentry"],"_links":{"self":[{"href":"https:\/\/ignos.no\/en\/wp-json\/wp\/v2\/pages\/10796","targetHints":{"allow":["GET"]}}],"collection":[{"href":"https:\/\/ignos.no\/en\/wp-json\/wp\/v2\/pages"}],"about":[{"href":"https:\/\/ignos.no\/en\/wp-json\/wp\/v2\/types\/page"}],"author":[{"embeddable":true,"href":"https:\/\/ignos.no\/en\/wp-json\/wp\/v2\/users\/8"}],"replies":[{"embeddable":true,"href":"https:\/\/ignos.no\/en\/wp-json\/wp\/v2\/comments?post=10796"}],"version-history":[{"count":0,"href":"https:\/\/ignos.no\/en\/wp-json\/wp\/v2\/pages\/10796\/revisions"}],"wp:attachment":[{"href":"https:\/\/ignos.no\/en\/wp-json\/wp\/v2\/media?parent=10796"}],"curies":[{"name":"wp","href":"https:\/\/api.w.org\/{rel}","templated":true}]}}